{"id":4778,"date":"2022-07-17T14:51:51","date_gmt":"2022-07-17T14:51:51","guid":{"rendered":"https:\/\/mariebrizard.com\/politique-de-confidentialite\/"},"modified":"2024-12-09T16:37:14","modified_gmt":"2024-12-09T16:37:14","slug":"politique-de-confidentialite","status":"publish","type":"page","link":"https:\/\/mariebrizard.com\/fr\/politique-de-confidentialite\/","title":{"rendered":"Politique de confidentialit\u00e9"},"content":{"rendered":"<div class=\"wpb-content-wrapper\">[vc_row pix_particles_check=\u00a0\u00bb\u00a0\u00bb][vc_column]<div id=\"el1733762229300-11a54bd0-0485\" class=\"pix-el-text   w-100  \" ><p class=\"\"><p><strong><u>POLITIQUE DE CONFIDENTIALITE<\/u><\/strong><\/p>\n<p><strong><u>ET<\/u><\/strong><\/p>\n<p><strong><u>POLITIQUE SUR LES COOKIES<\/u><\/strong><\/p>\n<p><strong><u>\u00a0<\/u><\/strong><\/p>\n<p><strong><u>Responsable du Traitement<\/u><\/strong><\/p>\n<p><strong><u>\u00a0<\/u><\/strong><\/p>\n<p><strong>MARIE BRIZARD WINE &amp; SPIRITS France,<\/strong> soci\u00e9t\u00e9 par actions simplifi\u00e9e immatricul\u00e9e au Registre du Commerce et des Soci\u00e9t\u00e9s de Cr\u00e9teil sous le num\u00e9ro 454\u00a0200 064 et dont le si\u00e8ge social se situe au 10-12 avenue du G\u00e9n\u00e9ral de Gaulle \u2013 94220 CHARENTON LE PONT, ci-apr\u00e8s d\u00e9nomm\u00e9e <strong>\u00ab\u00a0MBWS France\u00bb.<\/strong><\/p>\n<p>&nbsp;<\/p>\n<p>&nbsp;<\/p>\n<p><strong><u>D\u00e9finitions<\/u><\/strong><\/p>\n<p><strong><u>\u00a0<\/u><\/strong><\/p>\n<p><strong>Site\u00a0: <\/strong>il s\u2019agit du site <a href=\"http:\/\/www.mariebrizard.com\">www.mariebrizard.com<\/a><\/p>\n<p>&nbsp;<\/p>\n<p><strong>Utilisateur<\/strong>\u00a0: toute personne physique poss\u00e9dant un compte personnel ou non, utilisant le Site ou l\u2019un des services propos\u00e9s par celui-ci.<\/p>\n<p>&nbsp;<\/p>\n<p>&nbsp;<\/p>\n<p><strong><u>Collecte et finalit\u00e9s du Traitement des Donn\u00e9es<\/u><\/strong><\/p>\n<p><strong><u>\u00a0<\/u><\/strong><\/p>\n<p>MBWS France est susceptible de collecter des donn\u00e9es \u00e0 caract\u00e8re personnel sur les Utilisateurs du Site, notamment par l\u2019utilisation de cookies conform\u00e9ment \u00e0 la l\u00e9gislation en vigueur.<\/p>\n<p>&nbsp;<\/p>\n<p>Cette collecte de donn\u00e9es s\u2019effectue lorsque l\u2019Utilisateur\u00a0:<\/p>\n<p>&nbsp;<\/p>\n<ul>\n<li>Navigue sur le Site et consulte des articles\u00a0;<\/li>\n<li>S\u2019inscrit aux newsletters ou aux alertes propos\u00e9es par le Site\u00a0;<\/li>\n<li>Contacte le service \u00ab\u00a0Consommateurs\u00a0\u00bb\u00a0 (D\u00e9partement \u00ab\u00a0Qualit\u00e9\u00a0\u00bb), le service commercial ou le service des Ressources Humaines de MBWS France par tout moyen de communication mis \u00e0 sa disposition\u00a0;<\/li>\n<li>Remplit un formulaire de saisie d\u2019informations sur le Site\u00a0;<\/li>\n<li>Participe \u00e0 un Jeu promotionnel\/jeu concours\u00a0;<\/li>\n<li>Partage un avis avec un ami par l\u2019envoi d\u2019un e-mail ou par l\u2019interm\u00e9diaire de r\u00e9seaux sociaux depuis une page du Site.<\/li>\n<\/ul>\n<p>&nbsp;<\/p>\n<p>Les donn\u00e9es collect\u00e9es sont n\u00e9cessaires aux traitements suivants\u00a0:<\/p>\n<p>&nbsp;<\/p>\n<ul>\n<li>Personnalisation des contenus du Site\u00a0;<\/li>\n<li>Gestion et suivi des relations avec les prospects (direction commerciale)\u00a0;<\/li>\n<li>Gestion et suivi des relations avec les consommateurs (D\u00e9partement Qualit\u00e9 et Direction Marketing)\u00a0;<\/li>\n<li>Gestion et suivi des relations avec les candidats (Direction des Relations Humaines)\u00a0;<\/li>\n<li>Mise en place de jeux promotionnels\/jeux concours\u00a0:<\/li>\n<li>Mise \u00e0 disposition de boutons de partage vers les r\u00e9seaux sociaux\u00a0;<\/li>\n<li>Affichage de publicit\u00e9s cibl\u00e9es notamment sur les r\u00e9seaux sociaux\u00a0;<\/li>\n<li>R\u00e9alisation de statistiques de la mesure d\u2019audience et d\u2019\u00e9tudes marketing.<\/li>\n<\/ul>\n<p>&nbsp;<\/p>\n<p>&nbsp;<\/p>\n<p><strong><u>Destinataires des donn\u00e9es personnelles<\/u><\/strong><\/p>\n<p><strong><u>\u00a0<\/u><\/strong><\/p>\n<p>Les donn\u00e9es collect\u00e9es sont destin\u00e9es \u00e0 l\u2019usage de MBWS France.<\/p>\n<p>&nbsp;<\/p>\n<p>Les donn\u00e9es peuvent \u00e9galement \u00eatre trait\u00e9es par des sous-traitants auxquels MBWS France fait appel dans le cadre de la personnalisation des contenus du Site, de traitement d\u2019op\u00e9rations jeux concours et de diffusion de newsletters.<\/p>\n<p>&nbsp;<\/p>\n<p>&nbsp;<\/p>\n<p><strong><u>Transfert de donn\u00e9es personnelles en dehors de l\u2019Union Europ\u00e9enne<\/u><\/strong><\/p>\n<p><strong><u>\u00a0<\/u><\/strong><\/p>\n<p>MBWS France informe l\u2019Utilisateur que ses donn\u00e9es personnelles peuvent \u00eatre transmises \u00e0 des prestataires situ\u00e9s en dehors de l\u2019Union Europ\u00e9enne dans le cadre de l\u2019optimisation de ses campagnes publicitaires.<\/p>\n<p>&nbsp;<\/p>\n<p>Ces prestataires agissent dans le respect des dispositions europ\u00e9ennes relatives \u00e0 la protection des donn\u00e9es personnelles de la Convention \u00ab\u00a0Privacy Shield\u00a0\u00bb.<\/p>\n<p>&nbsp;<\/p>\n<p>&nbsp;<\/p>\n<p><strong><u>Droits sur vos donn\u00e9es personnelles<\/u><\/strong><\/p>\n<p><strong><u>\u00a0<\/u><\/strong><\/p>\n<p>Conform\u00e9ment \u00e0 la loi \u00abInformatique et Libert\u00e9s\u00a0\u00bb du 6 Janvier 1978 modifi\u00e9e, l\u2019Utilisateur dispose d\u2019un droit d\u2019acc\u00e8s, de rectification et de suppression des donn\u00e9es le concernant. L\u2019Utilisateur a le droit de demander la limitation ou de s\u2019opposer au traitement de ses donn\u00e9es par le Site sans que le Site ne puisse refuser, sauf \u00e0 d\u00e9montrer l\u2019existence de motifs l\u00e9gitimes et imp\u00e9rieux pouvant pr\u00e9valoir sur les int\u00e9r\u00eats, les droits et les libert\u00e9s de l\u2019Utilisateur.<\/p>\n<p>&nbsp;<\/p>\n<p>&nbsp;<\/p>\n<p><strong><u>Dur\u00e9e de conservation de vos donn\u00e9es personnelles<\/u><\/strong><\/p>\n<p><strong><u>\u00a0<\/u><\/strong><\/p>\n<p><strong>Donn\u00e9es personnelles des prospects\u00a0:<\/strong><\/p>\n<p>Sauf obligation(s) l\u00e9gale(s), MBWS France conserve vos donn\u00e9es pour une p\u00e9riode maximale de 3 (trois) ans apr\u00e8s le dernier contact.<\/p>\n<p>Ce d\u00e9lai commence \u00e0 partir du dernier contact (envoi formulaire, mail, appel t\u00e9l\u00e9phonique) ou d\u2019un clic sur un lien hypertexte d\u2019un courriel adress\u00e9 par MBWS France.<\/p>\n<p>&nbsp;<\/p>\n<p>&nbsp;<\/p>\n<p>Vos droits\u00a0:<\/p>\n<p>Vous pouvez demander \u00e0 consulter, rectifier voire supprimer vos donn\u00e9es personnelles selon les modalit\u00e9s d\u00e9crites dans le paragraphe ci-apr\u00e8s\u00a0 \u00ab\u00a0Modalit\u00e9s d\u2019acc\u00e8s \u00e0 mes donn\u00e9es personnelles\u00a0\u00bb via\u00a0:<\/p>\n<ol>\n<li>le formulaire de Contact du Site en pr\u00e9cisant \u00ab\u00a0Je souhaite contacter le D\u00e9l\u00e9gu\u00e9 \u00e0 la Protection des Donn\u00e9es\u00bb,<\/li>\n<li>le courriel suivant\u00a0: <a href=\"mailto:dpo@mbws.com\">dpo@mbws.com<\/a><\/li>\n<li>ou par courrier \u00e0 l\u2019adresse postale suivante\u00a0:<\/li>\n<\/ol>\n<p>&nbsp;<\/p>\n<p>MARIE BRIZARD WINE &amp; SPIRITS France<\/p>\n<p>A l\u2019attention du D\u00e9l\u00e9gu\u00e9 \u00e0 la Protection des Donn\u00e9es<\/p>\n<p>10-12 avenue du G\u00e9n\u00e9ral de Gaulle<\/p>\n<p>94220 CHARENTON LE PONT.<\/p>\n<p>&nbsp;<\/p>\n<p>&nbsp;<\/p>\n<p><strong>Donn\u00e9es personnelles des consommateurs\u00a0:<\/strong><\/p>\n<p>Sauf obligation(s) l\u00e9gale\u00a0(s), MBWS France conserve vos donn\u00e9es pour une p\u00e9riode maximale de 5 (cinq) ans apr\u00e8s le dernier contact.<\/p>\n<p>Le d\u00e9lai commence \u00e0 partir du dernier contact (envoi formulaire, mail, appel t\u00e9l\u00e9phonique) ou d\u2019un clic sur un lien hypertexte d\u2019un courrier adress\u00e9 par MBWS.<\/p>\n<p>&nbsp;<\/p>\n<p>Vos droits\u00a0:<\/p>\n<p>Vous pouvez demander \u00e0 consulter, rectifier voire supprimer vos donn\u00e9es personnelles selon les modalit\u00e9s d\u00e9crites dans le paragraphe ci-apr\u00e8s\u00a0 \u00ab\u00a0Modalit\u00e9s d\u2019acc\u00e8s \u00e0 mes donn\u00e9es personnelles\u00a0\u00bb via\u00a0:<\/p>\n<ol>\n<li>le formulaire de Contact du Site en pr\u00e9cisant \u00ab\u00a0Je souhaite contacter le D\u00e9l\u00e9gu\u00e9 \u00e0 la Protection des Donn\u00e9es\u00bb,<\/li>\n<li>le courriel suivant\u00a0: <a href=\"mailto:dpo@mbws.com\">dpo@mbws.com<\/a><\/li>\n<li>ou par courrier \u00e0 l\u2019adresse postale suivante\u00a0:<\/li>\n<\/ol>\n<p>&nbsp;<\/p>\n<p>MARIE BRIZARD WINE &amp; SPIRITS France<\/p>\n<p>A l\u2019attention du D\u00e9l\u00e9gu\u00e9 \u00e0 la Protection des Donn\u00e9es<\/p>\n<p>10-12 avenue du G\u00e9n\u00e9ral de Gaulle<\/p>\n<p>94220 CHARENTON LE PONT.<\/p>\n<p>&nbsp;<\/p>\n<p>&nbsp;<\/p>\n<p><strong>Donn\u00e9es personnelles (autres)\u00a0:<\/strong><\/p>\n<p>Sauf obligation(s) l\u00e9gale(s), MBWS France conserve vos donn\u00e9es pour une p\u00e9riode maximale de 2 (deux) ans apr\u00e8s le dernier contact avec nos recruteurs.<\/p>\n<p>Le d\u00e9lai commence \u00e0 partir du dernier contact (envoi formulaire, mail, appel t\u00e9l\u00e9phonique) ou d\u2019un clic sur un lien hypertexte d\u2019un courriel adress\u00e9 par MBWS France.<\/p>\n<p>&nbsp;<\/p>\n<p>Vos droits\u00a0:<\/p>\n<p>Vous pouvez demander \u00e0 consulter, rectifier voire supprimer vos donn\u00e9es personnelles selon les modalit\u00e9s d\u00e9crites dans le paragraphe ci-apr\u00e8s \u00abModalit\u00e9s d\u2019acc\u00e8s \u00e0 mes donn\u00e9es personnelles\u00a0\u00bb via\u00a0:<\/p>\n<ol>\n<li>le formulaire de Contact du Site en pr\u00e9cisant \u00ab\u00a0Je souhaite contacter le D\u00e9l\u00e9gu\u00e9 \u00e0 la Protection des Donn\u00e9es\u00bb,<\/li>\n<li>le courriel suivant\u00a0: <a href=\"mailto:dpo@mbws.com\">dpo@mbws.com<\/a><\/li>\n<li>ou par courrier \u00e0 l\u2019adresse postale suivante\u00a0:<\/li>\n<\/ol>\n<p>&nbsp;<\/p>\n<p>MARIE BRIZARD WINE &amp; SPIRITS France<\/p>\n<p>A l\u2019attention du D\u00e9l\u00e9gu\u00e9 \u00e0 la Protection des Donn\u00e9es<\/p>\n<p>10-12 avenue du G\u00e9n\u00e9ral de Gaulle<\/p>\n<p>94220 CHARENTON LE PONT.<\/p>\n<p>&nbsp;<\/p>\n<p>&nbsp;<\/p>\n<p>&nbsp;<\/p>\n<p><strong><u>Modalit\u00e9s d\u2019acc\u00e8s \u00e0 mes donn\u00e9es personnelles<\/u><\/strong><\/p>\n<p><strong><u>\u00a0<\/u><\/strong><\/p>\n<p>Pour toute demande, l\u2019Utilisateur indique ses nom, pr\u00e9nom et adresse postale ainsi qu\u2019une adresse \u00e9lectronique pour permettre de lui adresser une r\u00e9ponse.<\/p>\n<p>Sa demande doit \u00eatre sign\u00e9e et accompagn\u00e9e d\u2019une copie de sa pi\u00e8ce d\u2019identit\u00e9 en cours de validit\u00e9 portant sa signature.<\/p>\n<p>MBWS France dispose d\u2019un d\u00e9lai de 2 (deux) mois \u00e0 compter de la r\u00e9ception de la demande de l\u2019Utilisateur pour y r\u00e9pondre. A l\u2019issue de ce d\u00e9lai, l\u2019Utilisateur pourra saisir la CNIL en cas de r\u00e9ponse n\u00e9gative ou absence de r\u00e9ponse de la part de MBWS France.<\/p>\n<p>&nbsp;<\/p>\n<p>&nbsp;<\/p>\n<p><strong><u>Archivage des donn\u00e9es<\/u><\/strong><\/p>\n<p><strong><u>\u00a0<\/u><\/strong><\/p>\n<p>Les informations permettant d\u2019\u00e9tablir la preuve d\u2019un droit ou d\u2019un contrat, ou conserv\u00e9es au titre du respect d\u2019une obligation l\u00e9gale peuvent \u00eatre archiv\u00e9es conform\u00e9ment aux dispositions l\u00e9gales en vigueur.<\/p>\n<p>&nbsp;<\/p>\n<p>&nbsp;<\/p>\n<p><strong><u>Sort des donn\u00e9es personnelles apr\u00e8s le d\u00e9c\u00e8s<\/u><\/strong><\/p>\n<p><strong><u>\u00a0<\/u><\/strong><\/p>\n<p>MBWS France informe l\u2019Utilisateur qu\u2019il peut d\u00e9finir, de son vivant, des directives relatives \u00e0 la conservation, \u00e0 l\u2019effacement et \u00e0 la communication de ses donn\u00e9es personnelles apr\u00e8s son d\u00e9c\u00e8s. Ces directives peuvent \u00eatre g\u00e9n\u00e9rales ou particuli\u00e8res. L\u2019Utilisateur peut modifier ou r\u00e9voquer ses directives \u00e0 tout moment.<\/p>\n<p>&nbsp;<\/p>\n<p>Pour ce faire, l\u2019Utilisateur peut contacter MBWS France via\u00a0:<\/p>\n<ol>\n<li>le formulaire de Contact du Site en pr\u00e9cisant \u00ab\u00a0Je souhaite contacter le D\u00e9l\u00e9gu\u00e9 \u00e0 la Protection des Donn\u00e9es\u00bb,<\/li>\n<li>le courriel suivant\u00a0: <a href=\"mailto:dpo@mbws.com\">dpo@mbws.com<\/a><\/li>\n<li>ou par courrier \u00e0 l\u2019adresse postale suivante\u00a0:<\/li>\n<\/ol>\n<p>&nbsp;<\/p>\n<p>MARIE BRIZARD WINE &amp; SPIRITS France<\/p>\n<p>A l\u2019attention du D\u00e9l\u00e9gu\u00e9 \u00e0 la Protection des Donn\u00e9es<\/p>\n<p>10-12 avenue du G\u00e9n\u00e9ral de Gaulle<\/p>\n<p>94220 CHARENTON LE PONT.<\/p>\n<p>&nbsp;<\/p>\n<p><strong><u>D\u00e9finition du Cookie<\/u><\/strong><\/p>\n<p>&nbsp;<\/p>\n<p>Un cookie est un petit fichier texte qui est plac\u00e9 ou stock\u00e9 sur votre terminal (ordinateur, tablette ou appareil mobile) lorsque vous visitez un site internet. Le cookie permet \u00e0 un site de vous reconna\u00eetre, de vous aider \u00e0 naviguer de page en page sur votre site internet, fournit des connexions s\u00e9curis\u00e9es et se souvient de vos pr\u00e9f\u00e9rences lors des prochaines visites.<\/p>\n<p>&nbsp;<\/p>\n<p>MBWS France a recours \u00e0 l\u2019utilisation de cookies afin de reconna\u00eetre l\u2019Utilisateur (client ou non) lors de sa connexion sur le Site.<\/p>\n<p>&nbsp;<\/p>\n<p>&nbsp;<\/p>\n<p><strong><u>Gestion des cookies<\/u><\/strong><\/p>\n<p><strong><u>\u00a0<\/u><\/strong><\/p>\n<p>L\u2019Utilisateur peut, \u00e0 tout moment, d\u00e9sactiver les cookies enregistr\u00e9s sur son terminal.<br \/>\nPour cela, il lui suffit de s\u00e9lectionner les param\u00e8tres appropri\u00e9s dans son navigateur. Cependant, cette d\u00e9sactivation aura pour cons\u00e9quence d\u2019emp\u00eacher l\u2019acc\u00e8s \u00e0 certaines fonctionnalit\u00e9s du Site propos\u00e9es par MBWS France ou se partenaires.<\/p>\n<p>&nbsp;<\/p>\n<p>Pour la gestion des cookies et de vos choix, la configuration de chaque navigateur est diff\u00e9rente. Elle est d\u00e9crite dans le menu d\u2019aide de votre navigateur, qui vous permettra de savoir de quelle mani\u00e8re modifier vos souhaits en mati\u00e8re de cookies.<\/p>\n<p><strong><u>\u00a0<\/u><\/strong><\/p>\n<h3>D\u00e9sactivation des cookies via les principaux navigateurs<\/h3>\n<h4>Google Chrome<\/h4>\n<p><a href=\"https:\/\/support.google.com\/chrome\/answer\/95647?co=GENIE.Platform%3DDesktop&amp;hl=fr\">https:\/\/support.google.com\/chrome\/answer\/95647?co=GENIE.Platform%3DDesktop&amp;hl=fr<\/a><\/p>\n<h4>Mozilla Firefox<\/h4>\n<p><a href=\"https:\/\/support.mozilla.org\/fr\/kb\/activer-desactiver-cookies-preferences?redirectlocale=fr&amp;redirectslug=activer-desactiver-cookies\">https:\/\/support.mozilla.org\/fr\/kb\/activer-desactiver-cookies-preferences?redirectlocale=fr&amp;redirectslug=activer-desactiver-cookies<\/a><\/p>\n<h4>Microsoft Edge<\/h4>\n<p><a href=\"https:\/\/privacy.microsoft.com\/fr-FR\/windows-10-microsoft-edge-and-privacy\">https:\/\/privacy.microsoft.com\/fr-FR\/windows-10-microsoft-edge-and-privacy<\/a><\/p>\n<h4>Microsoft Internet explorer<\/h4>\n<p><a href=\"https:\/\/support.microsoft.com\/fr-fr\/help\/17442\/windows-internet-explorer-delete-manage-cookies\">https:\/\/support.microsoft.com\/fr-fr\/help\/17442\/windows-internet-explorer-delete-manage-cookies<\/a><\/p>\n<h4>Safari<\/h4>\n<p><a href=\"https:\/\/support.apple.com\/fr-fr\/guide\/safari\/sfri11471\/mac\">https:\/\/support.apple.com\/fr-fr\/guide\/safari\/sfri11471\/mac<\/a><\/p>\n<p>&nbsp;<\/p>\n<h3>D\u00e9sactivation des cookies via une plateforme interprofessionnelle<\/h3>\n<p>Vous pouvez \u00e9galement vous connecter au site Youronlinechoices, propos\u00e9 par les professionnels de la publicit\u00e9 digitale regroup\u00e9s au sein de l\u2019association europ\u00e9enne EDAA (European Digital Advertising Alliance) et g\u00e9r\u00e9 en France par l\u2019Interactive Advertising Bureau France. Cette plate-forme europ\u00e9enne est partag\u00e9e par des centaines de professionnels de la publicit\u00e9 sur Internet et constitue une interface centralis\u00e9e vous permettant d\u2019exprimer votre refus ou votre acceptation des cookies susceptibles d\u2019\u00eatre utilis\u00e9s afin d\u2019adapter \u00e0 la navigation de votre terminal les publicit\u00e9s susceptibles d\u2019y \u00eatre affich\u00e9es :<\/p>\n<p><a href=\"http:\/\/www.youronlinechoices.com\/fr\/controler-ses-cookies\">http:\/\/www.youronlinechoices.com\/fr\/controler-ses-cookies<\/a><\/p>\n<p>MBWS France informe l\u2019Utilisateur que cette proc\u00e9dure n\u2019emp\u00eachera pas l\u2019affichage de publicit\u00e9s sur les sites Internet que vous visitez. Elle ne bloquera que les technologies qui permettent d\u2019adapter des publicit\u00e9s \u00e0 vos centres d\u2019int\u00e9r\u00eats.<\/p>\n<p><strong>D\u00e9sactivation des cookies de mesure d\u2019audience utilis\u00e9s sur le Site<\/strong><\/p>\n<p>Vous pouvez t\u00e9l\u00e9charger le module compl\u00e9mentaire de navigateur pour la d\u00e9sactivation de Google Analytics :<\/p>\n<p><a href=\"https:\/\/tools.google.com\/dlpage\/gaoptout?hl=fr\">https:\/\/tools.google.com\/dlpage\/gaoptout?hl=fr<\/a><\/p>\n<p>&nbsp;<\/p>\n<h3>D\u00e9sactivation des r\u00e9seaux sociaux<\/h3>\n<p>Le Site utilise des plugins r\u00e9seaux sociaux tels que Facebook, Instagram, Twitter, Pinterest, Youtube, etc. (Ci-apr\u00e8s \u00ab R\u00e9seaux Sociaux \u00bb). Par exemple, si l\u2019Utilisateur est connect\u00e9 \u00e0 Facebook lors de sa navigation sur le Site, Facebook pourra directement relier sa visite \u00e0 son compte utilisateur Facebook m\u00eame si l\u2019Utilisateur n\u2019a pas utilis\u00e9 le bouton de partage. Si l\u2019Utilisateur interagit au moyen des plugins, par exemple en cliquant sur le bouton \u00ab J\u2019aime \u00bb ou en laissant un commentaire, les informations correspondantes seront transmises et enregistr\u00e9es sur un serveur de Facebook. Elles seront publi\u00e9es sur le compte Facebook de l\u2019Utilisateur.<\/p>\n<p>MBWS France ne g\u00e8re pas les donn\u00e9es collect\u00e9es par les R\u00e9seaux Sociaux via les boutons. L\u2019Utilisateur devra prendre connaissance de la politique relative \u00e0 la protection des donn\u00e9es personnelles publi\u00e9e par les R\u00e9seaux Sociaux concern\u00e9s et ce, afin de conna\u00eetre les modalit\u00e9s de traitement et d\u2019utilisation des donn\u00e9es recueillies par ces derniers ainsi que les possibilit\u00e9s de param\u00e9trages dont il dispose pour prot\u00e9ger sa vie priv\u00e9e. Si l\u2019Utilisateur ne souhaite pas que le R\u00e9seau Social relie les informations collect\u00e9es par l\u2019interm\u00e9diaire de MBWS France \u00e0 son compte utilisateur R\u00e9seau Social, il doit se d\u00e9connecter du R\u00e9seau Social avant de consulter le Site.<\/p>\n<p>&nbsp;<\/p>\n<h2>Mesures de s\u00e9curit\u00e9 prises par MBWS France pour assurer la protection des donn\u00e9es personnelles<\/h2>\n<p>MBWS France met en \u0153uvre tout moyen technique conform\u00e9ment aux r\u00e8gles de l\u2019art pour maintenir l\u2019int\u00e9grit\u00e9, la s\u00e9curit\u00e9, la confidentialit\u00e9 des donn\u00e9es et notamment emp\u00eacher qu\u2019elles soient d\u00e9form\u00e9es, endommag\u00e9es, ou que des tiers non autoris\u00e9s y aient acc\u00e8s.<\/p>\n<\/p><\/div>[\/vc_column][\/vc_row]<\/div>","protected":false},"excerpt":{"rendered":"[vc_row pix_particles_check=\u00a0\u00bb\u00a0\u00bb][vc_column][\/vc_column][\/vc_row]","protected":false},"author":7,"featured_media":0,"parent":0,"menu_order":0,"comment_status":"closed","ping_status":"closed","template":"","meta":{"_acf_changed":false,"footnotes":""},"class_list":["post-4778","page","type-page","status-publish","hentry"],"acf":[],"yoast_head":"<!-- This site is optimized with the Yoast SEO plugin v27.1.1 - https:\/\/yoast.com\/product\/yoast-seo-wordpress\/ -->\n<title>Politique de confidentialit\u00e9 - Marie Brizard<\/title>\n<meta name=\"robots\" content=\"index, follow, max-snippet:-1, max-image-preview:large, max-video-preview:-1\" \/>\n<link rel=\"canonical\" href=\"https:\/\/mariebrizard.com\/fr\/politique-de-confidentialite\/\" \/>\n<meta property=\"og:locale\" content=\"fr_FR\" \/>\n<meta property=\"og:type\" content=\"article\" \/>\n<meta property=\"og:title\" content=\"Politique de confidentialit\u00e9 - Marie Brizard\" \/>\n<meta property=\"og:description\" content=\"[vc_row pix_particles_check=\u00a0\u00bb\u00a0\u00bb][vc_column][\/vc_column][\/vc_row]\" \/>\n<meta property=\"og:url\" content=\"https:\/\/mariebrizard.com\/fr\/politique-de-confidentialite\/\" \/>\n<meta property=\"og:site_name\" content=\"Marie Brizard\" \/>\n<meta property=\"article:modified_time\" content=\"2024-12-09T16:37:14+00:00\" \/>\n<meta property=\"og:image\" content=\"https:\/\/mariebrizard.com\/wp-content\/uploads\/2022\/07\/Logo_MarieBrizard-Fond-bleu.jpg\" \/>\n\t<meta property=\"og:image:width\" content=\"568\" \/>\n\t<meta property=\"og:image:height\" content=\"569\" \/>\n\t<meta property=\"og:image:type\" content=\"image\/jpeg\" \/>\n<meta name=\"twitter:card\" content=\"summary_large_image\" \/>\n<meta name=\"twitter:label1\" content=\"Dur\u00e9e de lecture estim\u00e9e\" \/>\n\t<meta name=\"twitter:data1\" content=\"1 minute\" \/>\n<script type=\"application\/ld+json\" class=\"yoast-schema-graph\">{\"@context\":\"https:\/\/schema.org\",\"@graph\":[{\"@type\":\"WebPage\",\"@id\":\"https:\/\/mariebrizard.com\/fr\/politique-de-confidentialite\/\",\"url\":\"https:\/\/mariebrizard.com\/fr\/politique-de-confidentialite\/\",\"name\":\"Politique de confidentialit\u00e9 - Marie Brizard\",\"isPartOf\":{\"@id\":\"https:\/\/mariebrizard.com\/#website\"},\"datePublished\":\"2022-07-17T14:51:51+00:00\",\"dateModified\":\"2024-12-09T16:37:14+00:00\",\"breadcrumb\":{\"@id\":\"https:\/\/mariebrizard.com\/fr\/politique-de-confidentialite\/#breadcrumb\"},\"inLanguage\":\"fr-FR\",\"potentialAction\":[{\"@type\":\"ReadAction\",\"target\":[\"https:\/\/mariebrizard.com\/fr\/politique-de-confidentialite\/\"]}]},{\"@type\":\"BreadcrumbList\",\"@id\":\"https:\/\/mariebrizard.com\/fr\/politique-de-confidentialite\/#breadcrumb\",\"itemListElement\":[{\"@type\":\"ListItem\",\"position\":1,\"name\":\"Home\",\"item\":\"https:\/\/mariebrizard.com\/fr\/\"},{\"@type\":\"ListItem\",\"position\":2,\"name\":\"Politique de confidentialit\u00e9\"}]},{\"@type\":\"WebSite\",\"@id\":\"https:\/\/mariebrizard.com\/#website\",\"url\":\"https:\/\/mariebrizard.com\/\",\"name\":\"Marie Brizard\",\"description\":\"Sensationnelle since 1755\",\"publisher\":{\"@id\":\"https:\/\/mariebrizard.com\/#organization\"},\"potentialAction\":[{\"@type\":\"SearchAction\",\"target\":{\"@type\":\"EntryPoint\",\"urlTemplate\":\"https:\/\/mariebrizard.com\/?s={search_term_string}\"},\"query-input\":{\"@type\":\"PropertyValueSpecification\",\"valueRequired\":true,\"valueName\":\"search_term_string\"}}],\"inLanguage\":\"fr-FR\"},{\"@type\":\"Organization\",\"@id\":\"https:\/\/mariebrizard.com\/#organization\",\"name\":\"Marie Brizard\",\"url\":\"https:\/\/mariebrizard.com\/\",\"logo\":{\"@type\":\"ImageObject\",\"inLanguage\":\"fr-FR\",\"@id\":\"https:\/\/mariebrizard.com\/#\/schema\/logo\/image\/\",\"url\":\"https:\/\/mariebrizard.com\/wp-content\/uploads\/2022\/07\/Logo_MarieBrizard-Fond-bleu.jpg\",\"contentUrl\":\"https:\/\/mariebrizard.com\/wp-content\/uploads\/2022\/07\/Logo_MarieBrizard-Fond-bleu.jpg\",\"width\":568,\"height\":569,\"caption\":\"Marie Brizard\"},\"image\":{\"@id\":\"https:\/\/mariebrizard.com\/#\/schema\/logo\/image\/\"}}]}<\/script>\n<!-- \/ Yoast SEO plugin. -->","yoast_head_json":{"title":"Politique de confidentialit\u00e9 - Marie Brizard","robots":{"index":"index","follow":"follow","max-snippet":"max-snippet:-1","max-image-preview":"max-image-preview:large","max-video-preview":"max-video-preview:-1"},"canonical":"https:\/\/mariebrizard.com\/fr\/politique-de-confidentialite\/","og_locale":"fr_FR","og_type":"article","og_title":"Politique de confidentialit\u00e9 - Marie Brizard","og_description":"[vc_row pix_particles_check=\u00a0\u00bb\u00a0\u00bb][vc_column][\/vc_column][\/vc_row]","og_url":"https:\/\/mariebrizard.com\/fr\/politique-de-confidentialite\/","og_site_name":"Marie Brizard","article_modified_time":"2024-12-09T16:37:14+00:00","og_image":[{"width":568,"height":569,"url":"https:\/\/mariebrizard.com\/wp-content\/uploads\/2022\/07\/Logo_MarieBrizard-Fond-bleu.jpg","type":"image\/jpeg"}],"twitter_card":"summary_large_image","twitter_misc":{"Dur\u00e9e de lecture estim\u00e9e":"1 minute"},"schema":{"@context":"https:\/\/schema.org","@graph":[{"@type":"WebPage","@id":"https:\/\/mariebrizard.com\/fr\/politique-de-confidentialite\/","url":"https:\/\/mariebrizard.com\/fr\/politique-de-confidentialite\/","name":"Politique de confidentialit\u00e9 - Marie Brizard","isPartOf":{"@id":"https:\/\/mariebrizard.com\/#website"},"datePublished":"2022-07-17T14:51:51+00:00","dateModified":"2024-12-09T16:37:14+00:00","breadcrumb":{"@id":"https:\/\/mariebrizard.com\/fr\/politique-de-confidentialite\/#breadcrumb"},"inLanguage":"fr-FR","potentialAction":[{"@type":"ReadAction","target":["https:\/\/mariebrizard.com\/fr\/politique-de-confidentialite\/"]}]},{"@type":"BreadcrumbList","@id":"https:\/\/mariebrizard.com\/fr\/politique-de-confidentialite\/#breadcrumb","itemListElement":[{"@type":"ListItem","position":1,"name":"Home","item":"https:\/\/mariebrizard.com\/fr\/"},{"@type":"ListItem","position":2,"name":"Politique de confidentialit\u00e9"}]},{"@type":"WebSite","@id":"https:\/\/mariebrizard.com\/#website","url":"https:\/\/mariebrizard.com\/","name":"Marie Brizard","description":"Sensationnelle since 1755","publisher":{"@id":"https:\/\/mariebrizard.com\/#organization"},"potentialAction":[{"@type":"SearchAction","target":{"@type":"EntryPoint","urlTemplate":"https:\/\/mariebrizard.com\/?s={search_term_string}"},"query-input":{"@type":"PropertyValueSpecification","valueRequired":true,"valueName":"search_term_string"}}],"inLanguage":"fr-FR"},{"@type":"Organization","@id":"https:\/\/mariebrizard.com\/#organization","name":"Marie Brizard","url":"https:\/\/mariebrizard.com\/","logo":{"@type":"ImageObject","inLanguage":"fr-FR","@id":"https:\/\/mariebrizard.com\/#\/schema\/logo\/image\/","url":"https:\/\/mariebrizard.com\/wp-content\/uploads\/2022\/07\/Logo_MarieBrizard-Fond-bleu.jpg","contentUrl":"https:\/\/mariebrizard.com\/wp-content\/uploads\/2022\/07\/Logo_MarieBrizard-Fond-bleu.jpg","width":568,"height":569,"caption":"Marie Brizard"},"image":{"@id":"https:\/\/mariebrizard.com\/#\/schema\/logo\/image\/"}}]}},"_links":{"self":[{"href":"https:\/\/mariebrizard.com\/fr\/wp-json\/wp\/v2\/pages\/4778","targetHints":{"allow":["GET"]}}],"collection":[{"href":"https:\/\/mariebrizard.com\/fr\/wp-json\/wp\/v2\/pages"}],"about":[{"href":"https:\/\/mariebrizard.com\/fr\/wp-json\/wp\/v2\/types\/page"}],"author":[{"embeddable":true,"href":"https:\/\/mariebrizard.com\/fr\/wp-json\/wp\/v2\/users\/7"}],"replies":[{"embeddable":true,"href":"https:\/\/mariebrizard.com\/fr\/wp-json\/wp\/v2\/comments?post=4778"}],"version-history":[{"count":20,"href":"https:\/\/mariebrizard.com\/fr\/wp-json\/wp\/v2\/pages\/4778\/revisions"}],"predecessor-version":[{"id":7136,"href":"https:\/\/mariebrizard.com\/fr\/wp-json\/wp\/v2\/pages\/4778\/revisions\/7136"}],"wp:attachment":[{"href":"https:\/\/mariebrizard.com\/fr\/wp-json\/wp\/v2\/media?parent=4778"}],"curies":[{"name":"wp","href":"https:\/\/api.w.org\/{rel}","templated":true}]}}