{"id":5347,"date":"2022-07-18T09:38:11","date_gmt":"2022-07-18T09:38:11","guid":{"rendered":"https:\/\/mariebrizard.com\/politica-de-confidencialidad\/"},"modified":"2022-10-31T14:23:37","modified_gmt":"2022-10-31T14:23:37","slug":"politica-de-confidencialidad","status":"publish","type":"page","link":"https:\/\/mariebrizard.com\/es\/politica-de-confidencialidad\/","title":{"rendered":"Pol\u00edtica de confidencialidad"},"content":{"rendered":"<div class=\"wpb-content-wrapper\">[vc_row pix_particles_check=\u00bb\u00bb css=\u00bb.vc_custom_1652437606534{padding-top: 6.5em !important;padding-bottom: 10em !important;}\u00bb el_class=\u00bbpage-resp-legal-mentions\u00bb][vc_column][vc_row_inner css=\u00bb.vc_custom_1651492773256{margin-bottom: 20px !important;background-position: center !important;background-repeat: no-repeat !important;background-size: cover !important;}\u00bb][vc_column_inner][vc_column_text el_class=\u00bbcreate-title1&#8243; css=\u00bb.vc_custom_1653666944601{padding-top: 80px !important;}\u00bb]\r\n<p style=\"text-align: center;\">CONFIDENCIALIDAD<\/p>\r\n[\/vc_column_text][vc_column_text el_class=\u00bbcreate-title1&#8243;]\r\n<p style=\"text-align: center;\"><span class=\"stroke-text\">POL\u00cdTICA<\/span><\/p>\r\n[\/vc_column_text][\/vc_column_inner][\/vc_row_inner][vc_row_inner el_class=\u00bbmentions-content\u00bb][vc_column_inner][vc_column_text el_class=\u00bblegal-mentions-text\u00bb]Actualmente est\u00e1s conectado al sitio web \u00abmariebrizard.com\u00bb.\r\nEditado por la empresa\r\n<strong>MARIE BRIZARD WINE &amp; SPIRITS Francia<\/strong>\r\nsociedad an\u00f3nima simplificada inscrita en el RCS de Cr\u00e9teil con el n\u00famero 454 200 064\r\ncuya sede social se encuentra en 10-12 avenue du G\u00e9n\u00e9ral de Gaulle &#8211; 94220 CHARENTON LE PONT (Francia)\r\nDirector de la publicaci\u00f3n: Christophe DUPONT, en su calidad de Director General de la empresa\r\nCreaci\u00f3n y desarrollo\r\n<a href=\"http:\/\/4beez.agency\"><strong>4BEEZ<\/strong><\/a>, sociedad an\u00f3nima simplificada inscrita en el RCS de Par\u00eds con el n\u00famero 837 559 301, con domicilio social en 24 rue de Clichy &#8211; 75009 PAR\u00cdS (Francia).\r\n\r\nHost: <strong>SAFEBRANDS<\/strong>\r\n\r\nAl acceder a este sitio, aceptas los t\u00e9rminos y condiciones que se definen a continuaci\u00f3n.\r\nEl acceso al sitio est\u00e1 sujeto a la legislaci\u00f3n nacional, comunitaria e internacional aplicable en el pa\u00eds de conexi\u00f3n.\r\n\r\nDebes tener la edad legal para beber en tu pa\u00eds de residencia. Si eres menor de la edad legal para consumir alcohol en tu pa\u00eds o territorio de residencia, o si te encuentras en un pa\u00eds o territorio donde el acceso a este sitio web no est\u00e1 permitido, por favor, abandona nuestro sitio web www.mariebrizard.com\r\n\r\nDebes tener la edad legal para beber en tu pa\u00eds de residencia. Si eres menor de la edad legal para consumir alcohol en tu pa\u00eds o territorio de residencia, o si te encuentras en un pa\u00eds o territorio donde el acceso a este sitio web no est\u00e1 permitido, por favor, abandona nuestro sitio web www.mariebrizard.com\r\n\r\nCr\u00e9ditos foto\r\n\r\nUnsplash, Envato Elements y fotos internas de MBWS.[\/vc_column_text][\/vc_column_inner][\/vc_row_inner][vc_row_inner el_class=\u00bbmentions-content\u00bb][vc_column_inner][vc_column_text el_class=\u00bblegal-mentions-title\u00bb]\r\n<p style=\"text-align: left;\">Contenido del sitio web<\/p>\r\n[\/vc_column_text][vc_column_text el_class=\u00bblegal-mentions-text\u00bb]\r\n<p style=\"text-align: left;\">Aunque las especificaciones, las funciones, las ilustraciones, los textos, las im\u00e1genes, los documentos de audio y v\u00eddeo, el contenido, as\u00ed como el resto de la informaci\u00f3n contenida en este sitio se basan en informaci\u00f3n actualizada y que MARIE BRIZARD WINE &amp; SPIRITS France hace todos los esfuerzos razonables para garantizar que todo el contenido, la informaci\u00f3n y los elementos que se encuentran en este sitio web son correctos, MARIE BRIZARD WINE &amp; SPIRITS France no ofrece ninguna garant\u00eda en cuanto a su exactitud.<\/p>\r\n[\/vc_column_text][\/vc_column_inner][\/vc_row_inner][vc_row_inner el_class=\u00bbmentions-content\u00bb][vc_column_inner][vc_column_text el_class=\u00bblegal-mentions-title\u00bb]\r\n<p style=\"text-align: left;\">Modificaci\u00f3n de las condiciones de uso \/ contenido del sitio<\/p>\r\n[\/vc_column_text][vc_column_text el_class=\u00bblegal-mentions-text\u00bb]MARIE BRIZARD WINE &amp; SPIRITS France se reserva el derecho de modificar las presentes condiciones de uso en cualquier momento, por cualquier motivo y sin previo aviso, actualizando esta p\u00e1gina; estas modificaciones entrar\u00e1n en vigor inmediatamente desde su publicaci\u00f3n en el sitio. Te invitamos a que visites regularmente esta p\u00e1gina del sitio, para reexaminar sus condiciones de uso.\r\nMARIE BRIZARD WINE &amp; SPIRITS France se reserva el derecho de modificar en cualquier momento, por cualquier motivo y sin previo aviso, todo o parte del contenido de este sitio.[\/vc_column_text][\/vc_column_inner][\/vc_row_inner][vc_row_inner el_class=\u00bbmentions-content\u00bb][vc_column_inner][vc_column_text el_class=\u00bblegal-mentions-title\u00bb]\r\n<p style=\"text-align: left;\">Derechos de autor y de reproducci\u00f3n<\/p>\r\n[\/vc_column_text][vc_column_text el_class=\u00bblegal-mentions-text\u00bb]Todo el contenido de este sitio est\u00e1 sujeto a la legislaci\u00f3n francesa e internacional sobre derechos de autor y propiedad intelectual. Todos los derechos de reproducci\u00f3n est\u00e1n reservados. La presentaci\u00f3n y el contenido de este sitio (im\u00e1genes, documentos de audio y v\u00eddeo, gr\u00e1ficos, textos, material de v\u00eddeo, informaci\u00f3n o im\u00e1genes de lugares o personas contenidas en el sitio) constituyen una obra protegida por las leyes vigentes sobre la propiedad intelectual propiedad de MARIE BRIZARD WINE &amp; SPIRITS France en virtud de los derechos de autor.\r\n\r\nQueda estrictamente prohibida la reproducci\u00f3n total o parcial del sitio, cualquiera que sea su forma y destino, salvo con el consentimiento previo por escrito de MARIE BRIZARD WINE &amp; SPIRITS France.\r\n\r\nEn ausencia de dicho acuerdo, MARIE BRIZARD WINE &amp; SPIRITS France har\u00e1 valer todos sus derechos de propiedad intelectual y\/o industrial de acuerdo con la legislaci\u00f3n aplicable.\r\n\r\nCualquier uso no autorizado de estos elementos est\u00e1 prohibido y es susceptible de acciones y\/o indemnizaciones (sin que esto sea limitativo) en compensaci\u00f3n por los da\u00f1os sufridos como consecuencia de la violaci\u00f3n de los derechos de propiedad intelectual e industrial, derechos de autor, derechos relativos a la intimidad y a la publicidad.[\/vc_column_text][\/vc_column_inner][\/vc_row_inner][vc_row_inner el_class=\u00bbmentions-content\u00bb][vc_column_inner][vc_column_text el_class=\u00bblegal-mentions-title\u00bb]\r\n<p style=\"text-align: left;\">Marcas y logotipos<\/p>\r\n[\/vc_column_text][vc_column_text el_class=\u00bblegal-mentions-text\u00bb]Las marcas y logotipos son propiedad de MARIE BRIZARD WINE &amp; SPIRITS France.\r\nCualquier reproducci\u00f3n y\/o utilizaci\u00f3n sin el acuerdo previo de MARIE BRIZARD WINE &amp; SPIRITS France comprometer\u00eda la responsabilidad del usuario y constituir\u00eda una infracci\u00f3n sancionada por los art\u00edculos L.335-2, L.713-2, L. 713-3 y L.716-1 del C\u00f3digo de la Propiedad Intelectual.[\/vc_column_text][\/vc_column_inner][\/vc_row_inner][vc_row_inner el_class=\u00bbmentions-content\u00bb][vc_column_inner][vc_column_text el_class=\u00bblegal-mentions-title\u00bb]\r\n<p style=\"text-align: left;\">Operaciones prohibidas<\/p>\r\n[\/vc_column_text][vc_column_text el_class=\u00bblegal-mentions-text\u00bb]Queda estrictamente prohibida la comercializaci\u00f3n total o parcial de la presentaci\u00f3n original del sitio y\/o de su contenido a terceros y bajo cualquier forma.\r\nQueda expresamente prohibida la puesta a disposici\u00f3n del p\u00fablico de los elementos del sitio mediante su venta, intercambio o alquiler (audio, v\u00eddeo, gr\u00e1ficos, elementos textuales).\r\nLa violaci\u00f3n de estas disposiciones obligatorias expone al infractor a las sanciones civiles y penales previstas por la ley.[\/vc_column_text][\/vc_column_inner][\/vc_row_inner][vc_row_inner el_class=\u00bbmentions-content\u00bb][vc_column_inner][vc_column_text el_class=\u00bblegal-mentions-title\u00bb]\r\n<p style=\"text-align: left;\">Excepciones para uso privado<\/p>\r\n[\/vc_column_text][vc_column_text el_class=\u00bblegal-mentions-text\u00bb]De acuerdo con el art\u00edculo L.122-5 del C\u00f3digo de la Propiedad Intelectual, las obras presentes en este sitio s\u00f3lo pueden ser utilizadas en un contexto privado y no exclusivo por cualquier usuario del sitio. Esto significa que cualquier usuario tiene derecho a reproducir para su almacenamiento en un solo ordenador con fines de representaci\u00f3n en una sola pantalla y de reproducci\u00f3n, en un solo ejemplar para copia de seguridad o en papel. Cada usuario puede hacer reproducciones en papel en la medida en que \u00e9stas entren en el \u00e1mbito de la copia privada para uso no colectivo.[\/vc_column_text][\/vc_column_inner][\/vc_row_inner][vc_row_inner el_class=\u00bbmentions-content\u00bb][vc_column_inner][vc_column_text el_class=\u00bblegal-mentions-title\u00bb]\r\n<p style=\"text-align: left;\">Base de datos<\/p>\r\n[\/vc_column_text][vc_column_text el_class=\u00bblegal-mentions-text\u00bb]MARIE BRIZARD WINE &amp; SPIRITS France, como autora y productora de la base de datos que constituye el sitio, es titular de todos los derechos inherentes a la base de datos.\r\nAs\u00ed, de acuerdo con el art\u00edculo L.342-1 y siguientes del C\u00f3digo de la Propiedad Intelectual, MARIE BRIZARD WINE &amp; SPIRITS France proh\u00edbe la extracci\u00f3n por transferencia permanente o temporal en todos los soportes, por todos los medios y en cualquier forma. o de la totalidad o una parte sustancial del contenido de este sitio, a menos que estas operaciones se realicen con fines puramente privados o educativos.[\/vc_column_text][\/vc_column_inner][\/vc_row_inner][vc_row_inner el_class=\u00bbmentions-content\u00bb][vc_column_inner][vc_column_text el_class=\u00bblegal-mentions-title\u00bb]\r\n<p style=\"text-align: left;\">Responsabilidades<\/p>\r\n[\/vc_column_text][vc_column_text el_class=\u00bblegal-mentions-text\u00bb]En cumplimiento de los textos en vigor, MARIE BRIZARD WINE &amp; SPIRITS France no se hace responsable de los da\u00f1os y perjuicios directos e indirectos que se produzcan durante la visita y\/o la utilizaci\u00f3n de este sitio, ni tampoco de los virus transmitidos a trav\u00e9s del mismo.[\/vc_column_text][\/vc_column_inner][\/vc_row_inner][vc_row_inner el_class=\u00bbmentions-content\u00bb][vc_column_inner][vc_column_text el_class=\u00bblegal-mentions-title\u00bb]\r\n<p style=\"text-align: left;\">Datos personales<\/p>\r\n[\/vc_column_text][vc_column_text el_class=\u00bblegal-mentions-text\u00bb]Al utilizar el sitio web \u00abwww.mariebrizard.com\u00bb, se puede recoger: la URL de los enlaces a trav\u00e9s de los cuales el usuario ha accedido al sitio, el proveedor de acceso del usuario, la direcci\u00f3n del Protocolo de Internet (IP) del usuario. En cualquier caso, MARIE BRIZARD WINE &amp; SPIRITS France s\u00f3lo recoge informaci\u00f3n personal relativa al usuario para las necesidades de determinados servicios ofrecidos por el sitio web \u00abwww.mariebrizard.com\u00bb. El usuario proporciona esta informaci\u00f3n con pleno conocimiento de causa, en particular cuando la introduce \u00e9l mismo. A continuaci\u00f3n, se especifica al usuario del sitio la obligaci\u00f3n o no de proporcionar esta informaci\u00f3n.\r\n\r\nDe acuerdo con las disposiciones de los art\u00edculos 38 y siguientes de la ley 78-17 del 6 de enero de 1978 relativa a la inform\u00e1tica, los archivos y las libertades, todos los usuarios tienen derecho de acceso, rectificaci\u00f3n y oposici\u00f3n a los datos personales. que le concierne, enviando a MARIE BRIZARD WINE &amp; SPIRITS France su solicitud escrita y firmada, acompa\u00f1ada de una copia del documento de identidad con la firma del titular del documento, y especificando la direcci\u00f3n a la que debe enviarse la respuesta\r\n\r\nNinguna informaci\u00f3n personal del usuario del \u00abwww.mariebrizard.com\u00bb del sitio web de MARIE BRIZARD WINE &amp; SPIRITS France se publican sin el conocimiento del usuario, se intercambian, se transfieren, se ceden o se venden en cualquier medio a terceros.\r\n\r\nEl sitio no est\u00e1 declarado a la CNIL porque no recoge informaci\u00f3n personal correspondiente a esta obligaci\u00f3n.[\/vc_column_text][\/vc_column_inner][\/vc_row_inner][vc_row_inner el_class=\u00bbmentions-content\u00bb][vc_column_inner][vc_column_text el_class=\u00bblegal-mentions-title\u00bb]\r\n<p style=\"text-align: left;\">Enlaces externos y cookies<\/p>\r\n[\/vc_column_text][vc_column_text el_class=\u00bblegal-mentions-text\u00bb]Este sitio web puede estar vinculado a otros sitios web; sin embargo, MARIE BRIZARD WINE &amp; SPIRITS France proporciona estos enlaces s\u00f3lo por comodidad y no implica, directa o indirectamente, ninguna aprobaci\u00f3n, asociaci\u00f3n, patrocinio, respaldo, responsabilidad o afiliaci\u00f3n con el sitio web al que est\u00e1 vinculado. ni con ning\u00fan contenido, informaci\u00f3n u otros materiales que contenga, a menos que se indique espec\u00edficamente lo contrario. MARIE BRIZARD WINE &amp; SPIRITS France rechaza toda garant\u00eda, expresa o impl\u00edcita, sobre la exactitud, legalidad, fiabilidad o validez de cualquier contenido, informaci\u00f3n u otros materiales incluidos en cualquier otro sitio web. Al entrar en este sitio web, reconoces y aceptas que MARIE BRIZARD WINE &amp; SPIRITS France no ha revisado todos los sitios web vinculados a este sitio y no es responsable del contenido de las p\u00e1ginas fuera de Internet o de cualquier otro sitio web vinculado a este sitio. Por lo tanto, enlazas con cualquier p\u00e1gina fuera de la web o con otros sitios web bajo tu propia responsabilidad. Debes obtener la autorizaci\u00f3n previa de MARIE BRIZARD WINE &amp; SPIRITS France para enlazar este sitio web con tu propio sitio web.\r\nAdem\u00e1s, la navegaci\u00f3n por el \u00abwww.mariebrizard.com\u00bb es probable que provoque la instalaci\u00f3n de cookies en el ordenador del usuario. Una cookie es un peque\u00f1o archivo, que no permite la identificaci\u00f3n del usuario, pero que registra informaci\u00f3n relativa a la navegaci\u00f3n de un ordenador en un sitio. Los datos as\u00ed obtenidos est\u00e1n destinados a facilitar la navegaci\u00f3n posterior en el sitio, y tambi\u00e9n a permitir diversas medidas de asistencia.\r\nEl rechazo a la instalaci\u00f3n de una cookie puede imposibilitar el acceso a determinados servicios. Sin embargo, el usuario puede configurar su ordenador de la siguiente manera para rechazar la instalaci\u00f3n de cookies:\r\n\r\n\u2022 En Internet Explorer: pesta\u00f1a de herramientas (pictograma en forma de rueda dentada en la parte superior derecha) \/ opciones de internet. Haz clic en Privacidad y elige Bloquear todas las cookies. Valida en Ok.\r\n\u2022 En Firefox: en la parte superior de la ventana del navegador, haz clic en el bot\u00f3n Firefox y luego ve a la pesta\u00f1a Opciones. Haz clic en la pesta\u00f1a Privacidad. Establece las reglas de retenci\u00f3n en: utilizar una configuraci\u00f3n personalizada para el historial. Por \u00faltimo, desmarca la casilla para desactivar las cookies.\r\n\u2022 En Safari: haz clic en la parte superior derecha del navegador en el icono del men\u00fa (simbolizado por un engranaje). Selecciona la configuraci\u00f3n. Haz clic en Mostrar configuraci\u00f3n avanzada. En la secci\u00f3n \u00abPrivacidad\u00bb, haz clic en Configuraci\u00f3n del contenido. En la secci\u00f3n \u00abCookies\u00bb, puedes bloquear las cookies.\r\n\u2022 En Chrome: haz clic en la parte superior derecha del navegador en el icono del men\u00fa (simbolizado por tres l\u00edneas horizontales). Selecciona la configuraci\u00f3n. Haz clic en Mostrar configuraci\u00f3n avanzada. En la secci\u00f3n \u00abPrivacidad\u00bb, haz clic en preferencias. En la pesta\u00f1a \u00abPrivacidad\u00bb, puedes bloquear las cookies.[\/vc_column_text][\/vc_column_inner][\/vc_row_inner][\/vc_column][\/vc_row]<\/div>","protected":false},"excerpt":{"rendered":"[vc_row pix_particles_check=\u00bb\u00bb css=\u00bb.vc_custom_1652437606534{padding-top: 6.5em !important;padding-bottom: 10em !important;}\u00bb el_class=\u00bbpage-resp-legal-mentions\u00bb][vc_column][vc_row_inner css=\u00bb.vc_custom_1651492773256{margin-bottom: 20px !important;background-position: center !important;background-repeat: no-repeat !important;background-size: cover !important;}\u00bb][vc_column_inner][vc_column_text el_class=\u00bbcreate-title1&#8243; css=\u00bb.vc_custom_1653666944601{padding-top: 80px !important;}\u00bb] CONFIDENCIALIDAD [\/vc_column_text][vc_column_text el_class=\u00bbcreate-title1&#8243;] POL\u00cdTICA [\/vc_column_text][\/vc_column_inner][\/vc_row_inner][vc_row_inner el_class=\u00bbmentions-content\u00bb][vc_column_inner][vc_column_text el_class=\u00bblegal-mentions-text\u00bb]Actualmente est\u00e1s conectado al sitio web \u00abmariebrizard.com\u00bb. Editado por la empresa MARIE BRIZARD&#8230;","protected":false},"author":7,"featured_media":0,"parent":0,"menu_order":0,"comment_status":"closed","ping_status":"closed","template":"","meta":{"_acf_changed":false,"footnotes":""},"class_list":["post-5347","page","type-page","status-publish","hentry"],"acf":[],"yoast_head":"<!-- This site is optimized with the Yoast SEO plugin v27.1.1 - https:\/\/yoast.com\/product\/yoast-seo-wordpress\/ -->\n<title>Pol\u00edtica de confidencialidad - Marie Brizard<\/title>\n<meta name=\"robots\" content=\"index, follow, max-snippet:-1, max-image-preview:large, max-video-preview:-1\" \/>\n<link rel=\"canonical\" href=\"https:\/\/mariebrizard.com\/es\/politica-de-confidencialidad\/\" \/>\n<meta property=\"og:locale\" content=\"es_ES\" \/>\n<meta property=\"og:type\" content=\"article\" \/>\n<meta property=\"og:title\" content=\"Pol\u00edtica de confidencialidad - Marie Brizard\" \/>\n<meta property=\"og:description\" content=\"[vc_row pix_particles_check=\u00bb\u00bb css=\u00bb.vc_custom_1652437606534{padding-top: 6.5em !important;padding-bottom: 10em !important;}\u00bb el_class=\u00bbpage-resp-legal-mentions\u00bb][vc_column][vc_row_inner css=\u00bb.vc_custom_1651492773256{margin-bottom: 20px !important;background-position: center !important;background-repeat: no-repeat !important;background-size: cover !important;}\u00bb][vc_column_inner][vc_column_text el_class=\u00bbcreate-title1&#8243; css=\u00bb.vc_custom_1653666944601{padding-top: 80px !important;}\u00bb] CONFIDENCIALIDAD [\/vc_column_text][vc_column_text el_class=\u00bbcreate-title1&#8243;] POL\u00cdTICA [\/vc_column_text][\/vc_column_inner][\/vc_row_inner][vc_row_inner el_class=\u00bbmentions-content\u00bb][vc_column_inner][vc_column_text el_class=\u00bblegal-mentions-text\u00bb]Actualmente est\u00e1s conectado al sitio web \u00abmariebrizard.com\u00bb. Editado por la empresa MARIE BRIZARD...\" \/>\n<meta property=\"og:url\" content=\"https:\/\/mariebrizard.com\/es\/politica-de-confidencialidad\/\" \/>\n<meta property=\"og:site_name\" content=\"Marie Brizard\" \/>\n<meta property=\"article:modified_time\" content=\"2022-10-31T14:23:37+00:00\" \/>\n<meta property=\"og:image\" content=\"https:\/\/mariebrizard.com\/wp-content\/uploads\/2022\/07\/Logo_MarieBrizard-Fond-bleu.jpg\" \/>\n\t<meta property=\"og:image:width\" content=\"568\" \/>\n\t<meta property=\"og:image:height\" content=\"569\" \/>\n\t<meta property=\"og:image:type\" content=\"image\/jpeg\" \/>\n<meta name=\"twitter:card\" content=\"summary_large_image\" \/>\n<meta name=\"twitter:label1\" content=\"Tiempo de lectura\" \/>\n\t<meta name=\"twitter:data1\" content=\"8 minutos\" \/>\n<script type=\"application\/ld+json\" class=\"yoast-schema-graph\">{\"@context\":\"https:\/\/schema.org\",\"@graph\":[{\"@type\":\"WebPage\",\"@id\":\"https:\/\/mariebrizard.com\/es\/politica-de-confidencialidad\/\",\"url\":\"https:\/\/mariebrizard.com\/es\/politica-de-confidencialidad\/\",\"name\":\"Pol\u00edtica de confidencialidad - Marie Brizard\",\"isPartOf\":{\"@id\":\"https:\/\/mariebrizard.com\/#website\"},\"datePublished\":\"2022-07-18T09:38:11+00:00\",\"dateModified\":\"2022-10-31T14:23:37+00:00\",\"breadcrumb\":{\"@id\":\"https:\/\/mariebrizard.com\/es\/politica-de-confidencialidad\/#breadcrumb\"},\"inLanguage\":\"es\",\"potentialAction\":[{\"@type\":\"ReadAction\",\"target\":[\"https:\/\/mariebrizard.com\/es\/politica-de-confidencialidad\/\"]}]},{\"@type\":\"BreadcrumbList\",\"@id\":\"https:\/\/mariebrizard.com\/es\/politica-de-confidencialidad\/#breadcrumb\",\"itemListElement\":[{\"@type\":\"ListItem\",\"position\":1,\"name\":\"Home\",\"item\":\"https:\/\/mariebrizard.com\/es\/\"},{\"@type\":\"ListItem\",\"position\":2,\"name\":\"Pol\u00edtica de confidencialidad\"}]},{\"@type\":\"WebSite\",\"@id\":\"https:\/\/mariebrizard.com\/#website\",\"url\":\"https:\/\/mariebrizard.com\/\",\"name\":\"Marie Brizard\",\"description\":\"Sensationnelle since 1755\",\"publisher\":{\"@id\":\"https:\/\/mariebrizard.com\/#organization\"},\"potentialAction\":[{\"@type\":\"SearchAction\",\"target\":{\"@type\":\"EntryPoint\",\"urlTemplate\":\"https:\/\/mariebrizard.com\/?s={search_term_string}\"},\"query-input\":{\"@type\":\"PropertyValueSpecification\",\"valueRequired\":true,\"valueName\":\"search_term_string\"}}],\"inLanguage\":\"es\"},{\"@type\":\"Organization\",\"@id\":\"https:\/\/mariebrizard.com\/#organization\",\"name\":\"Marie Brizard\",\"url\":\"https:\/\/mariebrizard.com\/\",\"logo\":{\"@type\":\"ImageObject\",\"inLanguage\":\"es\",\"@id\":\"https:\/\/mariebrizard.com\/#\/schema\/logo\/image\/\",\"url\":\"https:\/\/mariebrizard.com\/wp-content\/uploads\/2022\/07\/Logo_MarieBrizard-Fond-bleu.jpg\",\"contentUrl\":\"https:\/\/mariebrizard.com\/wp-content\/uploads\/2022\/07\/Logo_MarieBrizard-Fond-bleu.jpg\",\"width\":568,\"height\":569,\"caption\":\"Marie Brizard\"},\"image\":{\"@id\":\"https:\/\/mariebrizard.com\/#\/schema\/logo\/image\/\"}}]}<\/script>\n<!-- \/ Yoast SEO plugin. -->","yoast_head_json":{"title":"Pol\u00edtica de confidencialidad - Marie Brizard","robots":{"index":"index","follow":"follow","max-snippet":"max-snippet:-1","max-image-preview":"max-image-preview:large","max-video-preview":"max-video-preview:-1"},"canonical":"https:\/\/mariebrizard.com\/es\/politica-de-confidencialidad\/","og_locale":"es_ES","og_type":"article","og_title":"Pol\u00edtica de confidencialidad - Marie Brizard","og_description":"[vc_row pix_particles_check=\u00bb\u00bb css=\u00bb.vc_custom_1652437606534{padding-top: 6.5em !important;padding-bottom: 10em !important;}\u00bb el_class=\u00bbpage-resp-legal-mentions\u00bb][vc_column][vc_row_inner css=\u00bb.vc_custom_1651492773256{margin-bottom: 20px !important;background-position: center !important;background-repeat: no-repeat !important;background-size: cover !important;}\u00bb][vc_column_inner][vc_column_text el_class=\u00bbcreate-title1&#8243; css=\u00bb.vc_custom_1653666944601{padding-top: 80px !important;}\u00bb] CONFIDENCIALIDAD [\/vc_column_text][vc_column_text el_class=\u00bbcreate-title1&#8243;] POL\u00cdTICA [\/vc_column_text][\/vc_column_inner][\/vc_row_inner][vc_row_inner el_class=\u00bbmentions-content\u00bb][vc_column_inner][vc_column_text el_class=\u00bblegal-mentions-text\u00bb]Actualmente est\u00e1s conectado al sitio web \u00abmariebrizard.com\u00bb. Editado por la empresa MARIE BRIZARD...","og_url":"https:\/\/mariebrizard.com\/es\/politica-de-confidencialidad\/","og_site_name":"Marie Brizard","article_modified_time":"2022-10-31T14:23:37+00:00","og_image":[{"width":568,"height":569,"url":"https:\/\/mariebrizard.com\/wp-content\/uploads\/2022\/07\/Logo_MarieBrizard-Fond-bleu.jpg","type":"image\/jpeg"}],"twitter_card":"summary_large_image","twitter_misc":{"Tiempo de lectura":"8 minutos"},"schema":{"@context":"https:\/\/schema.org","@graph":[{"@type":"WebPage","@id":"https:\/\/mariebrizard.com\/es\/politica-de-confidencialidad\/","url":"https:\/\/mariebrizard.com\/es\/politica-de-confidencialidad\/","name":"Pol\u00edtica de confidencialidad - Marie Brizard","isPartOf":{"@id":"https:\/\/mariebrizard.com\/#website"},"datePublished":"2022-07-18T09:38:11+00:00","dateModified":"2022-10-31T14:23:37+00:00","breadcrumb":{"@id":"https:\/\/mariebrizard.com\/es\/politica-de-confidencialidad\/#breadcrumb"},"inLanguage":"es","potentialAction":[{"@type":"ReadAction","target":["https:\/\/mariebrizard.com\/es\/politica-de-confidencialidad\/"]}]},{"@type":"BreadcrumbList","@id":"https:\/\/mariebrizard.com\/es\/politica-de-confidencialidad\/#breadcrumb","itemListElement":[{"@type":"ListItem","position":1,"name":"Home","item":"https:\/\/mariebrizard.com\/es\/"},{"@type":"ListItem","position":2,"name":"Pol\u00edtica de confidencialidad"}]},{"@type":"WebSite","@id":"https:\/\/mariebrizard.com\/#website","url":"https:\/\/mariebrizard.com\/","name":"Marie Brizard","description":"Sensationnelle since 1755","publisher":{"@id":"https:\/\/mariebrizard.com\/#organization"},"potentialAction":[{"@type":"SearchAction","target":{"@type":"EntryPoint","urlTemplate":"https:\/\/mariebrizard.com\/?s={search_term_string}"},"query-input":{"@type":"PropertyValueSpecification","valueRequired":true,"valueName":"search_term_string"}}],"inLanguage":"es"},{"@type":"Organization","@id":"https:\/\/mariebrizard.com\/#organization","name":"Marie Brizard","url":"https:\/\/mariebrizard.com\/","logo":{"@type":"ImageObject","inLanguage":"es","@id":"https:\/\/mariebrizard.com\/#\/schema\/logo\/image\/","url":"https:\/\/mariebrizard.com\/wp-content\/uploads\/2022\/07\/Logo_MarieBrizard-Fond-bleu.jpg","contentUrl":"https:\/\/mariebrizard.com\/wp-content\/uploads\/2022\/07\/Logo_MarieBrizard-Fond-bleu.jpg","width":568,"height":569,"caption":"Marie Brizard"},"image":{"@id":"https:\/\/mariebrizard.com\/#\/schema\/logo\/image\/"}}]}},"_links":{"self":[{"href":"https:\/\/mariebrizard.com\/es\/wp-json\/wp\/v2\/pages\/5347","targetHints":{"allow":["GET"]}}],"collection":[{"href":"https:\/\/mariebrizard.com\/es\/wp-json\/wp\/v2\/pages"}],"about":[{"href":"https:\/\/mariebrizard.com\/es\/wp-json\/wp\/v2\/types\/page"}],"author":[{"embeddable":true,"href":"https:\/\/mariebrizard.com\/es\/wp-json\/wp\/v2\/users\/7"}],"replies":[{"embeddable":true,"href":"https:\/\/mariebrizard.com\/es\/wp-json\/wp\/v2\/comments?post=5347"}],"version-history":[{"count":5,"href":"https:\/\/mariebrizard.com\/es\/wp-json\/wp\/v2\/pages\/5347\/revisions"}],"predecessor-version":[{"id":6146,"href":"https:\/\/mariebrizard.com\/es\/wp-json\/wp\/v2\/pages\/5347\/revisions\/6146"}],"wp:attachment":[{"href":"https:\/\/mariebrizard.com\/es\/wp-json\/wp\/v2\/media?parent=5347"}],"curies":[{"name":"wp","href":"https:\/\/api.w.org\/{rel}","templated":true}]}}