{"id":5282,"date":"2022-07-18T09:25:39","date_gmt":"2022-07-18T09:25:39","guid":{"rendered":"https:\/\/mariebrizard.com\/coleccion-esencia\/"},"modified":"2024-01-11T17:11:04","modified_gmt":"2024-01-11T17:11:04","slug":"coleccion-esencia","status":"publish","type":"page","link":"https:\/\/mariebrizard.com\/es\/coleccion-esencia\/","title":{"rendered":"Colecci\u00f3n Essence"},"content":{"rendered":"<div class=\"wpb-content-wrapper\">[vc_row css=\u00bb.vc_custom_1655802484267{padding-top: 9em !important;padding-bottom: 4em !important;background-image: url(https:\/\/mariebrizard.com\/wp-content\/uploads\/2022\/04\/blue-bg.png?id=257) !important;}\u00bb el_class=\u00bbmarie-blue-banner\u00bb][vc_column][vc_row_inner][vc_column_inner][vc_single_image image=\u00bb1794&#8243; img_size=\u00bbmedium\u00bb alignment=\u00bbcenter\u00bb el_class=\u00bbpage-collections-logotitle\u00bb][vc_column_text el_class=\u00bbyellow-satisfaction\u00bb]\r\n<p style=\"text-align: center;\">Colecciones<\/p>\r\n[\/vc_column_text][\/vc_column_inner][\/vc_row_inner][\/vc_column][\/vc_row][vc_row][vc_column][vc_column_text el_class=\u00bbcreate-title1&#8243; css=\u00bb.vc_custom_1652176458461{padding-top: 60px !important;padding-bottom: 0px !important;}\u00bb]\r\n<p style=\"text-align: center;\">Essence<\/p>\r\n[\/vc_column_text][vc_column_text el_class=\u00bbcollection-satisfaction\u00bb]\r\n<p style=\"text-align: center;\">Colecci\u00f3n<\/p>\r\n[\/vc_column_text][\/vc_column][\/vc_row][vc_row el_class=\u00bbcontainer-marie-collection-bottles\u00bb][vc_column][vc_column_text][\/vc_column_text][\/vc_column][\/vc_row]<\/div>","protected":false},"excerpt":{"rendered":"[vc_row css=\u00bb.vc_custom_1655802484267{padding-top: 9em !important;padding-bottom: 4em !important;background-image: url(https:\/\/mariebrizard.com\/wp-content\/uploads\/2022\/04\/blue-bg.png?id=257) !important;}\u00bb el_class=\u00bbmarie-blue-banner\u00bb][vc_column][vc_row_inner][vc_column_inner][vc_single_image image=\u00bb1794&#8243; img_size=\u00bbmedium\u00bb alignment=\u00bbcenter\u00bb el_class=\u00bbpage-collections-logotitle\u00bb][vc_column_text el_class=\u00bbyellow-satisfaction\u00bb] Colecciones [\/vc_column_text][\/vc_column_inner][\/vc_row_inner][\/vc_column][\/vc_row][vc_row][vc_column][vc_column_text el_class=\u00bbcreate-title1&#8243; css=\u00bb.vc_custom_1652176458461{padding-top: 60px !important;padding-bottom: 0px !important;}\u00bb] Essence [\/vc_column_text][vc_column_text el_class=\u00bbcollection-satisfaction\u00bb] Colecci\u00f3n [\/vc_column_text][\/vc_column][\/vc_row][vc_row el_class=\u00bbcontainer-marie-collection-bottles\u00bb][vc_column][vc_column_text][\/vc_column_text][\/vc_column][\/vc_row]","protected":false},"author":7,"featured_media":0,"parent":0,"menu_order":0,"comment_status":"closed","ping_status":"closed","template":"","meta":{"_acf_changed":false,"footnotes":""},"class_list":["post-5282","page","type-page","status-publish","hentry"],"acf":[],"yoast_head":"<!-- This site is optimized with the Yoast SEO plugin v27.1.1 - https:\/\/yoast.com\/product\/yoast-seo-wordpress\/ -->\n<title>Colecci\u00f3n Essence - Marie Brizard<\/title>\n<meta name=\"description\" content=\"Descubre nuestra colecci\u00f3n Marie Brizard Essence. Todas nuestras botellas Marie Brizard y su informaci\u00f3n y disponibilidad.\" \/>\n<meta name=\"robots\" content=\"index, follow, max-snippet:-1, max-image-preview:large, max-video-preview:-1\" \/>\n<link rel=\"canonical\" href=\"https:\/\/mariebrizard.com\/es\/coleccion-esencia\/\" \/>\n<meta property=\"og:locale\" content=\"es_ES\" \/>\n<meta property=\"og:type\" content=\"article\" \/>\n<meta property=\"og:title\" content=\"Colecci\u00f3n Essence - Marie Brizard\" \/>\n<meta property=\"og:description\" content=\"Descubre nuestra colecci\u00f3n Marie Brizard Essence. Todas nuestras botellas Marie Brizard y su informaci\u00f3n y disponibilidad.\" \/>\n<meta property=\"og:url\" content=\"https:\/\/mariebrizard.com\/es\/coleccion-esencia\/\" \/>\n<meta property=\"og:site_name\" content=\"Marie Brizard\" \/>\n<meta property=\"article:modified_time\" content=\"2024-01-11T17:11:04+00:00\" \/>\n<meta property=\"og:image\" content=\"https:\/\/mariebrizard.com\/wp-content\/uploads\/2022\/07\/Logo_MarieBrizard-Fond-bleu.jpg\" \/>\n\t<meta property=\"og:image:width\" content=\"568\" \/>\n\t<meta property=\"og:image:height\" content=\"569\" \/>\n\t<meta property=\"og:image:type\" content=\"image\/jpeg\" \/>\n<meta name=\"twitter:card\" content=\"summary_large_image\" \/>\n<meta name=\"twitter:label1\" content=\"Tiempo de lectura\" \/>\n\t<meta name=\"twitter:data1\" content=\"1 minuto\" \/>\n<script type=\"application\/ld+json\" class=\"yoast-schema-graph\">{\"@context\":\"https:\/\/schema.org\",\"@graph\":[{\"@type\":\"WebPage\",\"@id\":\"https:\/\/mariebrizard.com\/es\/coleccion-esencia\/\",\"url\":\"https:\/\/mariebrizard.com\/es\/coleccion-esencia\/\",\"name\":\"Colecci\u00f3n Essence - Marie Brizard\",\"isPartOf\":{\"@id\":\"https:\/\/mariebrizard.com\/#website\"},\"datePublished\":\"2022-07-18T09:25:39+00:00\",\"dateModified\":\"2024-01-11T17:11:04+00:00\",\"description\":\"Descubre nuestra colecci\u00f3n Marie Brizard Essence. Todas nuestras botellas Marie Brizard y su informaci\u00f3n y disponibilidad.\",\"breadcrumb\":{\"@id\":\"https:\/\/mariebrizard.com\/es\/coleccion-esencia\/#breadcrumb\"},\"inLanguage\":\"es\",\"potentialAction\":[{\"@type\":\"ReadAction\",\"target\":[\"https:\/\/mariebrizard.com\/es\/coleccion-esencia\/\"]}]},{\"@type\":\"BreadcrumbList\",\"@id\":\"https:\/\/mariebrizard.com\/es\/coleccion-esencia\/#breadcrumb\",\"itemListElement\":[{\"@type\":\"ListItem\",\"position\":1,\"name\":\"Home\",\"item\":\"https:\/\/mariebrizard.com\/es\/\"},{\"@type\":\"ListItem\",\"position\":2,\"name\":\"Colecci\u00f3n Essence\"}]},{\"@type\":\"WebSite\",\"@id\":\"https:\/\/mariebrizard.com\/#website\",\"url\":\"https:\/\/mariebrizard.com\/\",\"name\":\"Marie Brizard\",\"description\":\"Sensationnelle since 1755\",\"publisher\":{\"@id\":\"https:\/\/mariebrizard.com\/#organization\"},\"potentialAction\":[{\"@type\":\"SearchAction\",\"target\":{\"@type\":\"EntryPoint\",\"urlTemplate\":\"https:\/\/mariebrizard.com\/?s={search_term_string}\"},\"query-input\":{\"@type\":\"PropertyValueSpecification\",\"valueRequired\":true,\"valueName\":\"search_term_string\"}}],\"inLanguage\":\"es\"},{\"@type\":\"Organization\",\"@id\":\"https:\/\/mariebrizard.com\/#organization\",\"name\":\"Marie Brizard\",\"url\":\"https:\/\/mariebrizard.com\/\",\"logo\":{\"@type\":\"ImageObject\",\"inLanguage\":\"es\",\"@id\":\"https:\/\/mariebrizard.com\/#\/schema\/logo\/image\/\",\"url\":\"https:\/\/mariebrizard.com\/wp-content\/uploads\/2022\/07\/Logo_MarieBrizard-Fond-bleu.jpg\",\"contentUrl\":\"https:\/\/mariebrizard.com\/wp-content\/uploads\/2022\/07\/Logo_MarieBrizard-Fond-bleu.jpg\",\"width\":568,\"height\":569,\"caption\":\"Marie Brizard\"},\"image\":{\"@id\":\"https:\/\/mariebrizard.com\/#\/schema\/logo\/image\/\"}}]}<\/script>\n<!-- \/ Yoast SEO plugin. -->","yoast_head_json":{"title":"Colecci\u00f3n Essence - Marie Brizard","description":"Descubre nuestra colecci\u00f3n Marie Brizard Essence. Todas nuestras botellas Marie Brizard y su informaci\u00f3n y disponibilidad.","robots":{"index":"index","follow":"follow","max-snippet":"max-snippet:-1","max-image-preview":"max-image-preview:large","max-video-preview":"max-video-preview:-1"},"canonical":"https:\/\/mariebrizard.com\/es\/coleccion-esencia\/","og_locale":"es_ES","og_type":"article","og_title":"Colecci\u00f3n Essence - Marie Brizard","og_description":"Descubre nuestra colecci\u00f3n Marie Brizard Essence. Todas nuestras botellas Marie Brizard y su informaci\u00f3n y disponibilidad.","og_url":"https:\/\/mariebrizard.com\/es\/coleccion-esencia\/","og_site_name":"Marie Brizard","article_modified_time":"2024-01-11T17:11:04+00:00","og_image":[{"width":568,"height":569,"url":"https:\/\/mariebrizard.com\/wp-content\/uploads\/2022\/07\/Logo_MarieBrizard-Fond-bleu.jpg","type":"image\/jpeg"}],"twitter_card":"summary_large_image","twitter_misc":{"Tiempo de lectura":"1 minuto"},"schema":{"@context":"https:\/\/schema.org","@graph":[{"@type":"WebPage","@id":"https:\/\/mariebrizard.com\/es\/coleccion-esencia\/","url":"https:\/\/mariebrizard.com\/es\/coleccion-esencia\/","name":"Colecci\u00f3n Essence - Marie Brizard","isPartOf":{"@id":"https:\/\/mariebrizard.com\/#website"},"datePublished":"2022-07-18T09:25:39+00:00","dateModified":"2024-01-11T17:11:04+00:00","description":"Descubre nuestra colecci\u00f3n Marie Brizard Essence. Todas nuestras botellas Marie Brizard y su informaci\u00f3n y disponibilidad.","breadcrumb":{"@id":"https:\/\/mariebrizard.com\/es\/coleccion-esencia\/#breadcrumb"},"inLanguage":"es","potentialAction":[{"@type":"ReadAction","target":["https:\/\/mariebrizard.com\/es\/coleccion-esencia\/"]}]},{"@type":"BreadcrumbList","@id":"https:\/\/mariebrizard.com\/es\/coleccion-esencia\/#breadcrumb","itemListElement":[{"@type":"ListItem","position":1,"name":"Home","item":"https:\/\/mariebrizard.com\/es\/"},{"@type":"ListItem","position":2,"name":"Colecci\u00f3n Essence"}]},{"@type":"WebSite","@id":"https:\/\/mariebrizard.com\/#website","url":"https:\/\/mariebrizard.com\/","name":"Marie Brizard","description":"Sensationnelle since 1755","publisher":{"@id":"https:\/\/mariebrizard.com\/#organization"},"potentialAction":[{"@type":"SearchAction","target":{"@type":"EntryPoint","urlTemplate":"https:\/\/mariebrizard.com\/?s={search_term_string}"},"query-input":{"@type":"PropertyValueSpecification","valueRequired":true,"valueName":"search_term_string"}}],"inLanguage":"es"},{"@type":"Organization","@id":"https:\/\/mariebrizard.com\/#organization","name":"Marie Brizard","url":"https:\/\/mariebrizard.com\/","logo":{"@type":"ImageObject","inLanguage":"es","@id":"https:\/\/mariebrizard.com\/#\/schema\/logo\/image\/","url":"https:\/\/mariebrizard.com\/wp-content\/uploads\/2022\/07\/Logo_MarieBrizard-Fond-bleu.jpg","contentUrl":"https:\/\/mariebrizard.com\/wp-content\/uploads\/2022\/07\/Logo_MarieBrizard-Fond-bleu.jpg","width":568,"height":569,"caption":"Marie Brizard"},"image":{"@id":"https:\/\/mariebrizard.com\/#\/schema\/logo\/image\/"}}]}},"_links":{"self":[{"href":"https:\/\/mariebrizard.com\/es\/wp-json\/wp\/v2\/pages\/5282","targetHints":{"allow":["GET"]}}],"collection":[{"href":"https:\/\/mariebrizard.com\/es\/wp-json\/wp\/v2\/pages"}],"about":[{"href":"https:\/\/mariebrizard.com\/es\/wp-json\/wp\/v2\/types\/page"}],"author":[{"embeddable":true,"href":"https:\/\/mariebrizard.com\/es\/wp-json\/wp\/v2\/users\/7"}],"replies":[{"embeddable":true,"href":"https:\/\/mariebrizard.com\/es\/wp-json\/wp\/v2\/comments?post=5282"}],"version-history":[{"count":9,"href":"https:\/\/mariebrizard.com\/es\/wp-json\/wp\/v2\/pages\/5282\/revisions"}],"predecessor-version":[{"id":5480,"href":"https:\/\/mariebrizard.com\/es\/wp-json\/wp\/v2\/pages\/5282\/revisions\/5480"}],"wp:attachment":[{"href":"https:\/\/mariebrizard.com\/es\/wp-json\/wp\/v2\/media?parent=5282"}],"curies":[{"name":"wp","href":"https:\/\/api.w.org\/{rel}","templated":true}]}}